{"id":683,"date":"2014-02-17T18:52:55","date_gmt":"2014-02-17T16:52:55","guid":{"rendered":"https:\/\/www.scoalaborla.ro\/?page_id=683"},"modified":"2024-03-26T09:16:25","modified_gmt":"2024-03-26T07:16:25","slug":"inscrieri-2014","status":"publish","type":"page","link":"https:\/\/www.scoalaborla.ro\/?page_id=683","title":{"rendered":"Inscrieri 2024-2025"},"content":{"rendered":"<ul>\n<li><a href=\"https:\/\/www.scoalaborla.ro\/?page_id=683\" target=\"_blank\" rel=\"noopener noreferrer\">Informatii pentru parinti<\/a><\/li>\n<li><a href=\"https:\/\/scoalaborla.ro\/clasa%20pregatitoare\/metodologia%20de%20inscriere.pdf\" target=\"_blank\" rel=\"noopener noreferrer\">METODOLOGIE DE \u00ceNSCRIERE A COPIILOR \u00ceN \u00ceNV\u0102\u021a\u0102M\u00c2NTUL PRIMAR pentru anul \u0219colar 2021-2022\/a><\/li>\n<li><a href=\"https:\/\/scoalaborla.ro\/clasa%20pregatitoare\/calendarul%20inscrierii.pdf\" target=\"_blank\" rel=\"noopener noreferrer\">CALENDARUL \u00ceNSCRIERII \u00ceN \u00ceNV\u0102\u021a\u0102M\u00c2NTUL PRIMAR pentru anul \u0219colar 2021-2022<\/a><\/li>\n<\/ul>\n","protected":false},"excerpt":{"rendered":"<p>Informatii pentru parinti METODOLOGIE DE \u00ceNSCRIERE A COPIILOR \u00ceN \u00ceNV\u0102\u021a\u0102M\u00c2NTUL PRIMAR pentru anul \u0219colar 2021-2022\/a> CALENDARUL \u00ceNSCRIERII \u00ceN \u00ceNV\u0102\u021a\u0102M\u00c2NTUL PRIMAR pentru anul \u0219colar 2021-2022<\/p>\n","protected":false},"author":1,"featured_media":0,"parent":0,"menu_order":0,"comment_status":"open","ping_status":"closed","template":"","meta":{"ngg_post_thumbnail":0,"footnotes":""},"class_list":["post-683","page","type-page","status-publish","hentry"],"_links":{"self":[{"href":"https:\/\/www.scoalaborla.ro\/index.php?rest_route=\/wp\/v2\/pages\/683","targetHints":{"allow":["GET"]}}],"collection":[{"href":"https:\/\/www.scoalaborla.ro\/index.php?rest_route=\/wp\/v2\/pages"}],"about":[{"href":"https:\/\/www.scoalaborla.ro\/index.php?rest_route=\/wp\/v2\/types\/page"}],"author":[{"embeddable":true,"href":"https:\/\/www.scoalaborla.ro\/index.php?rest_route=\/wp\/v2\/users\/1"}],"replies":[{"embeddable":true,"href":"https:\/\/www.scoalaborla.ro\/index.php?rest_route=%2Fwp%2Fv2%2Fcomments&post=683"}],"version-history":[{"count":18,"href":"https:\/\/www.scoalaborla.ro\/index.php?rest_route=\/wp\/v2\/pages\/683\/revisions"}],"predecessor-version":[{"id":3253,"href":"https:\/\/www.scoalaborla.ro\/index.php?rest_route=\/wp\/v2\/pages\/683\/revisions\/3253"}],"wp:attachment":[{"href":"https:\/\/www.scoalaborla.ro\/index.php?rest_route=%2Fwp%2Fv2%2Fmedia&parent=683"}],"curies":[{"name":"wp","href":"https:\/\/api.w.org\/{rel}","templated":true}]}}